{"id":6085,"date":"2021-06-16T10:08:18","date_gmt":"2021-06-16T08:08:18","guid":{"rendered":"https:\/\/www.laspsystem.com\/chi-siamo\/"},"modified":"2022-05-03T17:41:25","modified_gmt":"2022-05-03T15:41:25","slug":"a-propos-de-nous","status":"publish","type":"page","link":"https:\/\/www.laspsystem.com\/fr\/a-propos-de-nous\/","title":{"rendered":"Qui sommes-nous"},"content":{"rendered":"<div id='av_section_1'  class='avia-section main_color avia-section-small avia-no-border-styling  avia-full-stretch av-section-color-overlay-active avia-bg-style-scroll  avia-builder-el-0  el_before_av_section  avia-builder-el-first   av-minimum-height av-minimum-height-30  container_wrap fullsize' style='background-repeat: no-repeat; background-image: url(https:\/\/www.laspsystem.com\/wp-content\/uploads\/2021\/09\/chi-siamo-test-1.jpg);background-attachment: scroll; background-position: center center;  '  data-section-bg-repeat='stretch' data-av_minimum_height_pc='30'><div class='av-section-color-overlay-wrap'><div class='av-section-color-overlay' style='opacity: 0.2; background-color: #000000; '><\/div><div class='container' ><main  class='template-page content  av-content-full alpha units'><div class='post-entry post-entry-type-page post-entry-6085'><div class='entry-content-wrapper clearfix'>\n<div class=\"flex_column av_one_full  flex_column_div av-zero-column-padding first  avia-builder-el-1  avia-builder-el-no-sibling  align-bottom \" style='border-radius:0px; '><p><section class=\"av_textblock_section \" ><div class='avia_textblock  av_inherit_color '  style='color:#ffffff; ' ><div class=\"breadcrumb breadcrumbs avia-breadcrumbs\"><div class=\"breadcrumb-trail\" ><span  itemscope=\"itemscope\" itemtype=\"https:\/\/schema.org\/BreadcrumbList\" ><span  itemscope=\"itemscope\" itemtype=\"https:\/\/schema.org\/ListItem\" itemprop=\"itemListElement\" ><a itemprop=\"url\" href=\"https:\/\/www.laspsystem.com\/fr\/\" title=\"Lasp System\" rel=\"home\" class=\"trail-begin\"><span itemprop=\"name\">Accueil<\/span><\/a><span itemprop=\"position\" class=\"hidden\">1<\/span><\/span><\/span><\/div><\/div>\n<\/div><\/section><br \/>\n<section class=\"av_textblock_section \" ><div class='avia_textblock  av_inherit_color '  style='color:#ffffff; ' ><p class=\"noseo-h1\">QUI SOMMES-NOUS<\/p>\n<\/div><\/section><\/p><\/div><\/div><\/div><\/main><!-- close content main element --><\/div><\/div><\/div><div id='av_section_2'  class='avia-section main_color avia-section-large avia-no-border-styling  avia-bg-style-scroll  avia-builder-el-4  el_after_av_section  el_before_av_section   container_wrap fullsize' style=' '  ><div class='container' ><div class='template-page content  av-content-full alpha units'><div class='post-entry post-entry-type-page post-entry-6085'><div class='entry-content-wrapper clearfix'>\n<div class=\"flex_column av_one_full  flex_column_div av-zero-column-padding first  avia-builder-el-5  avia-builder-el-no-sibling  \" style='border-radius:0px; '><section class=\"av_textblock_section \" ><div class='avia_textblock  '  ><h1>Lasp System : nous concevons votre confort ext\u00e9rieur depuis 1958<\/h1>\n<\/div><\/section><br \/>\n<section class=\"av_textblock_section \" ><div class='avia_textblock  '  ><p><strong>Notre histoire commence \u00e0 Milan, \u00e0 la fin des ann\u00e9es\u00a050<\/strong>. \u00c0 l\u2019\u00e9poque, notre fondateur, le forgeron Francesco Lauria, \u00e9tait \u00e0 l\u2019\u00e9coute des besoins d\u2019un petit commer\u00e7ant, qui avait besoin d\u2019un abri pour l\u2019entr\u00e9e de son magasin. Francesco a con\u00e7u pour lui un auvent soutenu par une structure en fer. <strong>Depuis lors, chez Lasp, nous avons continu\u00e9 \u00e0 \u00e9couter attentivement et \u00e0 comprendre pleinement les besoins des personnes<\/strong>.<\/p>\n<p>Aujourd\u2019hui, gr\u00e2ce \u00e0 l\u2019exp\u00e9rience acquise en Italie et \u00e0 l\u2019\u00e9tranger,<strong> nous cr\u00e9ons des couvertures t\u00e9lescopiques, des v\u00e9randas et des pergolas sur mesure pour les h\u00f4tels, restaurants, centres commerciaux, bars, terrasses, piscines, maisons priv\u00e9es et bien plus encore<\/strong>. Nous concevons chaque projet<strong> sur mesure, <\/strong>en analysant le contexte climatique pour identifier la solution la plus adapt\u00e9e.<\/p>\n<h2>Un service complet et des solutions brevet\u00e9es<\/h2>\n<p><strong>De notre artisan fondateur, nous avons h\u00e9rit\u00e9 du souci du d\u00e9tail <\/strong>et c\u2019est pourquoi, nous prenons en charge l\u2019ensemble du processus de production d\u2019une couverture\u00a0: <strong>de la conception \u00e0 la fabrication, jusqu\u2019\u00e0 l\u2019installation. <\/strong><\/p>\n<p>Les \u00e9l\u00e9ments de la Nature nous inspirent toujours pour am\u00e9liorer nos produits\u00a0: le premier brevet a \u00e9t\u00e9 cr\u00e9\u00e9 pour contrer le d\u00e9chirement des stores solaires d\u00fb au fort mistral sarde. Et nous ne nous sommes pas arr\u00eat\u00e9s \u00e0 la solution <strong>coupe-vent<\/strong>\u00a0: nous avons invent\u00e9 des couvertures avec des <strong>m\u00e9canismes pour faire fondre la<\/strong> <strong>neige<\/strong>, \u00e9quip\u00e9s de tissus <strong>insonorisants<\/strong> et d\u2019un \u00e9clairage et d\u2019une climatisation int\u00e9gr\u00e9s.<\/p>\n<p>Car le confort n\u2019est pas tel s\u2019il n\u2019est pas absolu\u00a0!<\/p>\n<h2>Lasp aujourd\u2019hui<\/h2>\n<p>Notre si\u00e8ge social est en Sardaigne et<strong> nous travaillons dans toute l\u2019Italie et \u00e0 l\u2019\u00e9tranger<\/strong>. Nous nous sommes sp\u00e9cialis\u00e9s dans <strong>les installations de grande hauteur<\/strong>, gr\u00e2ce aux projets de couverture de gratte-ciel que nous avons organis\u00e9s \u00e0 New York.<\/p>\n<p>Nos origines et notre mission sont pr\u00e9serv\u00e9es dans notre nom\u00a0: Lasp signifie \u00ab\u00a0Lavorazione Artigianale Sistemi di Protezione\u00a0\u00bb (Artisanat des syst\u00e8mes de protection). <strong>Nous mettons notre savoir-faire \u00e0 votre disposition, pour prot\u00e9ger votre espace ext\u00e9rieur du soleil et des intemp\u00e9ries, et vous offrir un espace habitable toute l\u2019ann\u00e9e<\/strong>.<\/p>\n<p>Parlez-nous de votre projet et nous le r\u00e9aliserons ensemble\u00a0!<\/p>\n<\/div><\/section><br \/>\n<div  style='height:5px' class='hr hr-invisible   avia-builder-el-8  el_after_av_textblock  el_before_av_button '><span class='hr-inner ' ><span class='hr-inner-style'><\/span><\/span><\/div><br \/>\n<div  class='avia-button-wrap avia-button-left  avia-builder-el-9  el_after_av_hr  avia-builder-el-last  btn-scopri' ><a href='https:\/\/www.laspsystem.com\/fr\/a-propos-de-nous\/'  class='avia-button  avia-color-theme-color   avia-icon_select-no avia-size-small avia-position-left '   ><span class='avia_iconbox_title' >Contactez-nous<\/span><\/a><\/div><\/p><\/div>\n<\/p>\n<\/div><\/div><\/div><!-- close content main div --><\/div><\/div><div id='av_section_3'  class='avia-section main_color avia-section-default avia-no-border-styling  avia-bg-style-scroll  avia-builder-el-10  el_after_av_section  avia-builder-el-last   container_wrap fullsize' style=' '  ><div class='container' ><div class='template-page content  av-content-full alpha units'><div class='post-entry post-entry-type-page post-entry-6085'><div class='entry-content-wrapper clearfix'>\n<div class=\"flex_column av_one_full  flex_column_div av-zero-column-padding first  avia-builder-el-11  avia-builder-el-no-sibling  \" style='border-radius:0px; '><section class=\"av_textblock_section \" ><div class='avia_textblock mb-5 '  ><h2 style=\"text-align: center;\">NOS CLIENTS<\/h2>\n<\/div><\/section><br \/>\n<section class=\"av_textblock_section \" ><div class='avia_textblock  '  ><p style=\"text-align: center;\"><style id=\"sp_wpcp_dynamic_css147\">.wpcp-wrapper-147 .wpcp-carousel-section.nav-vertical-center-inner-hover .wpcp-swiper-dots ~ .wpcp-next-button,.wpcp-wrapper-147 .wpcp-carousel-section.nav-vertical-center-inner-hover .wpcp-swiper-dots ~ .wpcp-prev-button,.wpcp-wrapper-147 .wpcp-carousel-section.nav-vertical-center-inner .wpcp-swiper-dots ~ .wpcp-next-button,.wpcp-wrapper-147 .wpcp-carousel-section.nav-vertical-center-inner .wpcp-swiper-dots ~ .wpcp-prev-button,.wpcp-wrapper-147 .wpcp-carousel-section.nav-vertical-center .wpcp-swiper-dots ~ .wpcp-next-button,.wpcp-wrapper-147 .wpcp-carousel-section.nav-vertical-center .wpcp-swiper-dots ~ .wpcp-prev-button {margin-top: -40px;}#wpcpro-wrapper-147 #sp-wp-carousel-pro-id-147.sp-wpcp-147 .wpcp-all-captions .wpcp-image-caption a,#wpcpro-wrapper-147 #sp-wp-carousel-pro-id-147.sp-wpcp-147 .wpcp-all-captions .wpcp-image-caption {color: #333;font-size: 15px;line-height: 23px;letter-spacing: 0px;text-transform: capitalize;text-align: center;font-family: Open Sans;font-weight: 600;font-style: normal;}#wpcpro-wrapper-147 #sp-wp-carousel-pro-id-147.sp-wpcp-147 .wpcp-all-captions .wpcp-image-description {color: #333;font-size: 14px;line-height: 21px;letter-spacing: 0px;text-transform: none;text-align: center;font-family: Open Sans;font-weight: 400;font-style: normal;}.sp-wp-carousel-pro-id-147 .fancybox-bg{background: #0b0b0b;opacity: 0.8;}.sp-wp-carousel-pro-id-147.wpcp-fancybox-wrapper .fancybox-caption .wpcp_image_details,.sp-wp-carousel-pro-id-147 .fancybox-caption .wpcp_image_details .wpcp_img_caption{color: #ffffff;}.sp-wp-carousel-pro-id-147 .fancybox-caption .wpcp_image_details .wpcp_desc{color: #ffffff;}#wpcpro-wrapper-147 #sp-wp-carousel-pro-id-147.sp-wpcp-147 .wpcp-all-captions .wpcp-image-read-more {border: 1px solid #257F87;background:#257F87;border-radius: 0px; cursor: pointer;margin-top: 18px;margin-bottom:0px;}#wpcpro-wrapper-147 #sp-wp-carousel-pro-id-147.sp-wpcp-147 .wpcp-all-captions .wpcp-image-read-more a{color:#fff;}#wpcpro-wrapper-147 #sp-wp-carousel-pro-id-147.sp-wpcp-147 .wpcp-all-captions .wpcp-image-read-more:hover a{color:#fff;}#wpcpro-wrapper-147 #sp-wp-carousel-pro-id-147.sp-wpcp-147 .wpcp-all-captions .wpcp-image-read-more:hover{border-color:#1f5c5d;background:#1f5c5d;}#wpcpro-wrapper-147 .wpcpro-post-load-more button,#wpcpro-wrapper-147 .wpcpro-post-pagination .page-numbers, #wpcpro-wrapper-147 .wpcpro-load-more button{ color: #5e5e5e; border-color: #dddddd; background: #ffffff;}#wpcpro-wrapper-147 .wpcpro-load-more button:hover,#wpcpro-wrapper-147 .wpcpro-post-load-more button:hover{ color: #ffffff; border-color: #178087; background: #178087;}#wpcpro-wrapper-147 .wpcpro-load-more,#wpcpro-wrapper-147 .wpcpro-infinite-scroll-loader,#wpcpro-wrapper-147 .wpcpro-post-load-more, #wpcpro-wrapper-147 .wpcpro-post-pagination { text-align: center;}#wpcpro-wrapper-147 .wpcpro-post-pagination .page-numbers:hover,#wpcpro-wrapper-147 .wpcpro-post-pagination .page-numbers.current,#wpcpro-wrapper-147 .wpcpro-post-pagination .page-numbers.current{ color: #ffffff; border-color: #178087; background: #178087;}#wpcpro-wrapper-147 #sp-wp-carousel-pro-id-147.wpcp-carousel-section.sp-wpcp-147 .wpcpro-row [class*=\"wpcpro-col-\"] {padding-right: 15px;padding-left: 15px;padding-bottom: 30px;}#wpcpro-wrapper-147 #sp-wp-carousel-pro-id-147.wpcp-carousel-section.swiper-grid-column .swiper-slide {padding-bottom: 30px;}#wpcpro-wrapper-147:not(.wpcp-justified) #sp-wp-carousel-pro-id-147.wpcp-carousel-section.sp-wpcp-147 .wpcpro-row {margin-right: -15px;margin-left: -15px;}#wpcpro-wrapper-147 #sp-wp-carousel-pro-id-147.wpcp-carousel-section.sp-wpcp-147 .wpcpro-gallery-thumbs .swiper-slide{margin-top: 30px;}#wpcpro-wrapper-147 #sp-wp-carousel-pro-id-147.wpcp-carousel-section.sp-wpcp-147 .wpcpro-gallery-thumbs img{height: 150px;object-fit: cover;}#wpcpro-wrapper-147 #sp-wp-carousel-pro-id-147.wpcp-carousel-section.sp-wpcp-147.wpcp-advance-effect .swiper-slide .single-item-fade:not(:last-child) {margin-right: 30px;}#wpcpro-wrapper-147 .wpcp-kenburn .wpcpro-gallery-slider .swiper-slide .wpcp-single-item img,#wpcpro-wrapper-147 .wpcp-kenburn .swiper-slide .swiper-slide-kenburn {transition: transform 200ms linear;}#wpcpro-wrapper-147 #sp-wp-carousel-pro-id-147.wpcp-carousel-section.sp-wpcp-147 .wpcp-prev-button,#wpcpro-wrapper-147 #sp-wp-carousel-pro-id-147.wpcp-carousel-section.sp-wpcp-147 .wpcp-next-button {color: #aaa;background-color: transparent;border: 1px solid;border-color: #aaa;border-radius: 0%;font-size: 20px;height: 30px;width: 30px;}#wpcpro-wrapper-147 #sp-wp-carousel-pro-id-147.wpcp-carousel-section.sp-wpcp-147 .wpcp-prev-button:hover,#wpcpro-wrapper-147 #sp-wp-carousel-pro-id-147.wpcp-carousel-section.sp-wpcp-147 .wpcp-next-button:hover {color: #fff;background-color: #178087;border-color: #178087;font-size: 20px;}#wpcpro-wrapper-147 #sp-wp-carousel-pro-id-147.wpcp-carousel-section.sp-wpcp-147 .wpcp-swiper-dots,#wpcpro-wrapper-147 #sp-wp-carousel-pro-id-147.wpcp-carousel-section.sp-wpcp-147.swiper-horizontal>.wpcp-pagination-scrollbar {margin: 22px 0px 0px 0px;bottom: unset;}#wpcpro-wrapper-147 #sp-wp-carousel-pro-id-147.wpcp-carousel-section.sp-wpcp-147 .wpcp-swiper-dots .swiper-pagination-bullet,#wpcpro-wrapper-147 #sp-wp-carousel-pro-id-147.wpcp-carousel-section.sp-wpcp-147 .wpcp-pagination-scrollbar {background-color: #cccccc;opacity: 1;}#wpcpro-wrapper-147 #sp-wp-carousel-pro-id-147.wpcp-carousel-section.sp-wpcp-147 .wpcp-swiper-dots .swiper-pagination-bullet.swiper-pagination-bullet-active,#wpcpro-wrapper-147 #sp-wp-carousel-pro-id-147.wpcp-carousel-section.sp-wpcp-147 .wpcp-pagination-scrollbar .swiper-scrollbar-drag {background-color: #143e76;}#wpcpro-wrapper-147 #sp-wp-carousel-pro-id-147.wpcp-carousel-section.sp-wpcp-147 .wpcp-single-item {border: 0px solid #dddddd;padding: 0px 0px 0px 0px;border-radius: 0px;}.wpcp-carousel-wrapper.wpcp-wrapper-147{position: relative;}#wpcp-preloader-147{background: #fff;position: absolute;left: 0;top: 0;height: 100%;width: 100%;text-align: center;display: flex;align-items: center;justify-content: center;z-index: 999;}@media screen and (min-width: 981px) {#wpcpro-wrapper-147:not(.wpcp-justified) #sp-wp-carousel-pro-id-147.wpcp-carousel-section.sp-wpcp-147:not(.wpcp-content-carousel) > div:not(.wpcpro-gallery-thumbs) .wpcp-single-item img { max-height:300px; }}@media screen and (min-width: 737px) and (max-width: 980px) {#wpcpro-wrapper-147:not(.wpcp-justified) #sp-wp-carousel-pro-id-147.wpcp-carousel-section.sp-wpcp-147:not(.wpcp-content-carousel) > div:not(.wpcpro-gallery-thumbs) .wpcp-single-item img { max-height:300px; }}@media screen and (min-width: 481px) and (max-width: 736px) {#wpcpro-wrapper-147:not(.wpcp-justified) #sp-wp-carousel-pro-id-147.wpcp-carousel-section.sp-wpcp-147:not(.wpcp-content-carousel)> div:not(.wpcpro-gallery-thumbs) .wpcp-single-item img { max-height:200px; }}@media screen and (max-width: 480px) {#wpcpro-wrapper-147:not(.wpcp-justified) #sp-wp-carousel-pro-id-147.wpcp-carousel-section.sp-wpcp-147:not(.wpcp-content-carousel) > div:not(.wpcpro-gallery-thumbs) .wpcp-single-item img { max-height:180px; }}#wpcpro-wrapper-147 #sp-wp-carousel-pro-id-147.sp-wpcp-147 .wpcp-slide-image img,#wpcpro-wrapper-147 #sp-wp-carousel-pro-id-147.sp-wpcp-147 .wpcp-single-item.wpcp-mix-content img,#wpcpro-wrapper-147 #sp-wp-carousel-pro-id-147.sp-wpcp-147 .wpcp-slide-image .wpcp_icon_overlay,#wpcpro-wrapper-147 #sp-wp-carousel-pro-id-147.sp-wpcp-147 .wpcp-product-carousel .wpcp-slide-image a {border-radius: 0px;overflow: hidden;}#wpcpro-wrapper-147 #sp-wp-carousel-pro-id-147.sp-wpcp-147:not(.wpcp-content-carousel) .wpcp-single-item {background: transparent;}#wpcpro-wrapper-147 #sp-wp-carousel-pro-id-147.sp-wpcp-147.wpcp-image-carousel .wpcp-slide-image a img,#wpcpro-wrapper-147 #sp-wp-carousel-pro-id-147.sp-wpcp-147.wpcp-product-carousel .wpcp-slide-image a img,#wpcpro-wrapper-147 #sp-wp-carousel-pro-id-147.sp-wpcp-147.wpcp-post-carousel .wpcp-slide-image a img{border: 1px solid #dddddd;}#wpcpro-wrapper-147 #sp-wp-carousel-pro-id-147.sp-wpcp-147.wpcp-image-carousel .wpcp-slide-image a:hover img,#wpcpro-wrapper-147 #sp-wp-carousel-pro-id-147.sp-wpcp-147.wpcp-post-carousel .wpcp-slide-image a:hover img,#wpcpro-wrapper-147 #sp-wp-carousel-pro-id-147.sp-wpcp-147.wpcp-product-carousel .wpcp-slide-image a:hover img{border-color: #dddddd;} .sp-wp-carousel-pro-id-147.wpcp-fancybox-wrapper .fancybox-navigation .fancybox-button .wpcp-fancybox-nav-arrow i {color: #ccc;}.sp-wp-carousel-pro-id-147.wpcp-fancybox-wrapper .fancybox-navigation .fancybox-button .wpcp-fancybox-nav-arrow i:hover {color: #fff;}.sp-wp-carousel-pro-id-147.wpcp-fancybox-wrapper .fancybox-navigation .fancybox-button {background: #1e1e1e;}.sp-wp-carousel-pro-id-147.wpcp-fancybox-wrapper .fancybox-navigation .fancybox-button:hover {background: #1e1e1e;}.sp-wp-carousel-pro-id-147.wpcp-fancybox-wrapper .fancybox-caption .wpcp_image_details{color: #ffffff;}#wpcpro-wrapper-147 #sp-wp-carousel-pro-id-147.wpcp-carousel-section .wpcp-mix-content .wpcp_icon_overlay i,#wpcpro-wrapper-147 #sp-wp-carousel-pro-id-147.wpcp-carousel-section.wpcp-image-carousel .wpcp-slide-image .wpcp_icon_overlay i {font-size: 13px;color: #fff;background: rgba(0, 0, 0, 0.5);padding : 10px;border-radius: 50%;height: 26px;width: 26px;}#wpcpro-wrapper-147 #sp-wp-carousel-pro-id-147.wpcp-carousel-section .wpcp-mix-content .wpcp_icon_overlay,#wpcpro-wrapper-147 #sp-wp-carousel-pro-id-147.wpcp-carousel-section.wpcp-image-carousel .wpcp-slide-image .wpcp_icon_overlay {background-color: rgba(0,0,0,0.3);}#wpcpro-wrapper-147 #sp-wp-carousel-pro-id-147.wpcp-carousel-section .wpcp-mix-content .wpcp_icon_overlay i:hover,#wpcpro-wrapper-147 #sp-wp-carousel-pro-id-147.wpcp-carousel-section.wpcp-image-carousel .wpcp-slide-image .wpcp_icon_overlay i:hover {color: #fff;background: rgba(0, 0, 0, 0.8);}.wpcpro-wrapper .wpcp-carousel-section.detail-on-right .wpcp-single-item,.wpcpro-wrapper .wpcp-carousel-section.detail-on-left .wpcp-single-item {flex-direction: column;}@media (min-width: 480px) {.wpcpro-row .wpcpro-col-sm-1 {flex: 0 0 100%;max-width: 100%;}.wpcpro-row .wpcpro-col-sm-2 {flex: 0 0 50%;max-width: 50%;}.wpcpro-row .wpcpro-col-sm-2-5 {flex: 0 0 75%;max-width: 75%;}.wpcpro-row .wpcpro-col-sm-3 {flex: 0 0 33.333%;max-width: 33.333%;}.wpcpro-row .wpcpro-col-sm-4 {flex: 0 0 25%;max-width: 25%;}.wpcpro-row .wpcpro-col-sm-5 {flex: 0 0 20%;max-width: 20%;}.wpcpro-row .wpcpro-col-sm-6 {flex: 0 0 16.66666666666667%;max-width: 16.66666666666667%;}.wpcpro-row .wpcpro-col-sm-7 {flex: 0 0 14.28571428%;max-width: 14.28571428%;}.wpcpro-row .wpcpro-col-sm-8 {flex: 0 0 12.5%;max-width: 12.5%;}.wpcpro-wrapper .wpcp-carousel-section.detail-on-right .wpcp-single-item {flex-direction: row;}.wpcpro-wrapper .wpcp-carousel-section.detail-on-left .wpcp-single-item {flex-direction: row-reverse;}}@media (max-width: 480px) {.wpcpro-row .wpcpro-col-xs-1 {flex: 0 0 100%;max-width: 100%;}.wpcpro-row .wpcpro-col-xs-2 {flex: 0 0 50%;max-width: 50%;}.wpcpro-row .wpcpro-col-xs-3 {flex: 0 0 33.222%;max-width: 33.222%;}.wpcpro-row .wpcpro-col-xs-4 {flex: 0 0 25%;max-width: 25%;}.wpcpro-row .wpcpro-col-xs-5 {flex: 0 0 20%;max-width: 20%;}.wpcpro-row .wpcpro-col-xs-6 {flex: 0 0 16.6667%;max-width: 16.6667%;}.wpcpro-row .wpcpro-col-xs-7 {flex: 0 0 14.28571428%;max-width: 14.28571428%;}.wpcpro-row .wpcpro-col-xs-8 {flex: 0 0 12.5%;max-width: 12.5%;}}@media (min-width: 736px) {.wpcpro-row .wpcpro-col-md-1 {flex: 0 0 100%;max-width: 100%;}.wpcpro-row .wpcpro-col-md-2 {flex: 0 0 50%;max-width: 50%;}.wpcpro-row .wpcpro-col-md-2-5 {flex: 0 0 75%;max-width: 75%;}.wpcpro-row .wpcpro-col-md-3 {flex: 0 0 33.333%;max-width: 33.333%;}.wpcpro-row .wpcpro-col-md-4 {flex: 0 0 25%;max-width: 25%;}.wpcpro-row .wpcpro-col-md-5 {flex: 0 0 20%;max-width: 20%;}.wpcpro-row .wpcpro-col-md-6 {flex: 0 0 16.66666666666667%;max-width: 16.66666666666667%;}.wpcpro-row .wpcpro-col-md-7 {flex: 0 0 14.28571428%;max-width: 14.28571428%;}.wpcpro-row .wpcpro-col-md-8 {flex: 0 0 12.5%;max-width: 12.5%;}}@media (min-width: 980px) {.wpcpro-row .wpcpro-col-lg-1 {flex: 0 0 100%;max-width: 100%;}.wpcpro-row .wpcpro-col-lg-2 {flex: 0 0 50%;max-width: 50%;}.wpcpro-row .wpcpro-col-lg-3 {flex: 0 0 33.222%;max-width: 33.222%;}.wpcpro-row .wpcpro-col-lg-4 {flex: 0 0 25%;max-width: 25%;}.wpcpro-row .wpcpro-col-lg-5 {flex: 0 0 20%;max-width: 20%;}.wpcpro-row .wpcpro-col-lg-6 {flex: 0 0 16.6667%;max-width: 16.6667%;}.wpcpro-row .wpcpro-col-lg-7 {flex: 0 0 14.28571428%;max-width: 14.28571428%;}.wpcpro-row .wpcpro-col-lg-8 {flex: 0 0 12.5%;max-width: 12.5%;}}@media (min-width: 1200px) {.wpcpro-row .wpcpro-col-xl-1 {flex: 0 0 100%;max-width: 100%;}.wpcpro-row .wpcpro-col-xl-2 {flex: 0 0 50%;max-width: 50%;}.wpcpro-row .wpcpro-col-xl-3 {flex: 0 0 33.22222222%;max-width: 33.22222222%;}.wpcpro-row .wpcpro-col-xl-4 {flex: 0 0 25%;max-width: 25%;}.wpcpro-row .wpcpro-col-xl-5 {flex: 0 0 20%;max-width: 20%;}.wpcpro-row .wpcpro-col-xl-6 {flex: 0 0 16.66667%;max-width: 16.66667%;}.wpcpro-row .wpcpro-col-xl-7 {flex: 0 0 14.28571428%;max-width: 14.28571428%;}.wpcpro-row .wpcpro-col-xl-8 {flex: 0 0 12.5%;max-width: 12.5%;}}<\/style><div id=\"wpcpro-wrapper-147\" class=\"wpcp-carousel-wrapper wpcpro-wrapper wpcp-wrapper-147\"><div id=\"wpcp-preloader-147\" class=\"wpcp-carousel-preloader\"><img src=\"https:\/\/www.laspsystem.com\/wp-content\/plugins\/wp-carousel-pro\/src\/Frontend\/css\/spinner.svg\" class=\"skip-lazy\" alt=\"Preloader image\"\/><\/div><div id=\"sp-wp-carousel-pro-id-147\" dir=\"ltr\" class=\" wpcp-standard wpcp-carousel-section sp-wpcp-147 wpcp-image-carousel wpcp-preloader\" data-swiper='{\"vertical\":false, \"accessibility\":true, \"centerMode\":false, \"centerPadding\":{\"lg_desktop\":\"0\", \"desktop\":\"0\", \"laptop\":\"0\", \"tablet\":\"0\", \"mobile\":\"0\"}, \"swipeToSlide\":false, \"adaptiveHeight\":false, \"arrows\":false, \"autoplay\":true, \"autoplaySpeed\":200, \"spaceBetween\":30, \"dots\":true, \"infinite\":true, \"speed\":1500, \"pauseOnHover\":true, \"slidesToScroll\":{\"lg_desktop\":1, \"desktop\":1, \"laptop\":1, \"tablet\":1, \"mobile\":1},\"slidesToShow\":{\"lg_desktop\":6, \"desktop\":4, \"laptop\":3, \"tablet\":2, \"mobile\":2},\"rows\":{\"lg_desktop\":1, \"desktop\":1, \"laptop\":1, \"tablet\":1, \"mobile\":1}, \"responsive\":{\"desktop\":1200, \"laptop\": 980, \"tablet\": 736, \"mobile\": 480}, \"rtl\":false, \"variableWidth\":false, \"effect\":\"slide\", \"lazyLoad\": \"false\", \"swipe\": false, \"draggable\": true, \"freeMode\":false }' data-arrowtype=\"angle\" dir=\"ltr\" dir=\"ltr\" data-carousel_type=\"image-carousel\" data-variableWidth=\"false\"><div class=\"swiper-wrapper\"><div class=\" swiper-slide\"><div class=\"wpcp-single-item\"><div class=\"wpcp-slide-image\"><img srcset=\"https:\/\/www.laspsystem.com\/wp-content\/uploads\/2021\/06\/moxy_hotel-2.png\" src=\"https:\/\/www.laspsystem.com\/wp-content\/uploads\/2021\/06\/moxy_hotel-2.png\" alt=\"moxy_hotel-2\" width=\"200\" height=\"80\" class=\"skip-lazy\"><\/div><\/div><\/div><div class=\" swiper-slide\"><div class=\"wpcp-single-item\"><div class=\"wpcp-slide-image\"><img srcset=\"https:\/\/www.laspsystem.com\/wp-content\/uploads\/2021\/06\/sheraton.png\" src=\"https:\/\/www.laspsystem.com\/wp-content\/uploads\/2021\/06\/sheraton.png\" alt=\"sheraton\" width=\"200\" height=\"80\" class=\"skip-lazy\"><\/div><\/div><\/div><div class=\" swiper-slide\"><div class=\"wpcp-single-item\"><div class=\"wpcp-slide-image\"><img srcset=\"https:\/\/www.laspsystem.com\/wp-content\/uploads\/2021\/06\/hudson_terrace.png\" src=\"https:\/\/www.laspsystem.com\/wp-content\/uploads\/2021\/06\/hudson_terrace.png\" alt=\"hudson_terrace\" width=\"200\" height=\"80\" class=\"skip-lazy\"><\/div><\/div><\/div><div class=\" swiper-slide\"><div class=\"wpcp-single-item\"><div class=\"wpcp-slide-image\"><img srcset=\"https:\/\/www.laspsystem.com\/wp-content\/uploads\/2021\/06\/spar.png\" src=\"https:\/\/www.laspsystem.com\/wp-content\/uploads\/2021\/06\/spar.png\" alt=\"spar\" width=\"200\" height=\"80\" class=\"skip-lazy\"><\/div><\/div><\/div><div class=\" swiper-slide\"><div class=\"wpcp-single-item\"><div class=\"wpcp-slide-image\"><img srcset=\"https:\/\/www.laspsystem.com\/wp-content\/uploads\/2021\/06\/continental.png\" src=\"https:\/\/www.laspsystem.com\/wp-content\/uploads\/2021\/06\/continental.png\" alt=\"continental\" width=\"832\" height=\"156\" class=\"skip-lazy\"><\/div><\/div><\/div><div class=\" swiper-slide\"><div class=\"wpcp-single-item\"><div class=\"wpcp-slide-image\"><img srcset=\"https:\/\/www.laspsystem.com\/wp-content\/uploads\/2021\/06\/auchan.png\" src=\"https:\/\/www.laspsystem.com\/wp-content\/uploads\/2021\/06\/auchan.png\" alt=\"auchan\" width=\"200\" height=\"80\" class=\"skip-lazy\"><\/div><\/div><\/div><div class=\" swiper-slide\"><div class=\"wpcp-single-item\"><div class=\"wpcp-slide-image\"><img srcset=\"https:\/\/www.laspsystem.com\/wp-content\/uploads\/2021\/06\/kok_pirat.png\" src=\"https:\/\/www.laspsystem.com\/wp-content\/uploads\/2021\/06\/kok_pirat.png\" alt=\"kok_pirat\" width=\"200\" height=\"80\" class=\"skip-lazy\"><\/div><\/div><\/div><div class=\" swiper-slide\"><div class=\"wpcp-single-item\"><div class=\"wpcp-slide-image\"><img srcset=\"https:\/\/www.laspsystem.com\/wp-content\/uploads\/2021\/06\/best_western.png\" src=\"https:\/\/www.laspsystem.com\/wp-content\/uploads\/2021\/06\/best_western.png\" alt=\"best_western\" width=\"200\" height=\"80\" class=\"skip-lazy\"><\/div><\/div><\/div><\/div><div class=\"wpcp-swiper-dots swiper-pagination\"><\/div><\/div><\/div><\/p>\n<\/div><\/section><\/p><\/div>\n\n","protected":false},"excerpt":{"rendered":"","protected":false},"author":1,"featured_media":0,"parent":0,"menu_order":51,"comment_status":"closed","ping_status":"closed","template":"","meta":[],"acf":[],"_links":{"self":[{"href":"https:\/\/www.laspsystem.com\/fr\/wp-json\/wp\/v2\/pages\/6085"}],"collection":[{"href":"https:\/\/www.laspsystem.com\/fr\/wp-json\/wp\/v2\/pages"}],"about":[{"href":"https:\/\/www.laspsystem.com\/fr\/wp-json\/wp\/v2\/types\/page"}],"author":[{"embeddable":true,"href":"https:\/\/www.laspsystem.com\/fr\/wp-json\/wp\/v2\/users\/1"}],"replies":[{"embeddable":true,"href":"https:\/\/www.laspsystem.com\/fr\/wp-json\/wp\/v2\/comments?post=6085"}],"version-history":[{"count":4,"href":"https:\/\/www.laspsystem.com\/fr\/wp-json\/wp\/v2\/pages\/6085\/revisions"}],"predecessor-version":[{"id":6159,"href":"https:\/\/www.laspsystem.com\/fr\/wp-json\/wp\/v2\/pages\/6085\/revisions\/6159"}],"wp:attachment":[{"href":"https:\/\/www.laspsystem.com\/fr\/wp-json\/wp\/v2\/media?parent=6085"}],"curies":[{"name":"wp","href":"https:\/\/api.w.org\/{rel}","templated":true}]}}